{"id":150,"date":"2025-03-18T19:28:15","date_gmt":"2025-03-18T19:28:15","guid":{"rendered":"https:\/\/sustainablegreenevents.com\/our-services\/"},"modified":"2025-03-27T17:53:22","modified_gmt":"2025-03-27T17:53:22","slug":"our-services","status":"publish","type":"page","link":"https:\/\/sustainablegreenevents.com\/en\/our-services\/","title":{"rendered":"Services"},"content":{"rendered":"<div data-elementor-type=\"wp-page\" data-elementor-id=\"150\" class=\"elementor elementor-150\" data-elementor-post-type=\"page\">\n\t\t\t\t<div class=\"elementor-element elementor-element-25a8cae7 e-flex e-con-boxed e-con e-parent\" data-id=\"25a8cae7\" data-element_type=\"container\" data-e-type=\"container\">\n\t\t\t\t\t<div class=\"e-con-inner\">\n\t\t<div class=\"elementor-element elementor-element-1163c694 e-con-full e-flex e-con e-child\" data-id=\"1163c694\" data-element_type=\"container\" data-e-type=\"container\">\n\t\t\t\t<div class=\"elementor-element elementor-element-37455a3 elementor-invisible elementor-widget elementor-widget-heading\" data-id=\"37455a3\" data-element_type=\"widget\" data-e-type=\"widget\" data-settings=\"{&quot;_animation&quot;:&quot;fadeIn&quot;}\" data-widget_type=\"heading.default\">\n\t\t\t\t<div class=\"elementor-widget-container\">\n\t\t\t\t\t<h1 class=\"elementor-heading-title elementor-size-default\">Our Services<\/h1>\t\t\t\t<\/div>\n\t\t\t\t<\/div>\n\t\t\t\t<\/div>\n\t\t<div class=\"elementor-element elementor-element-1fca85c4 e-con-full e-flex e-con e-child\" data-id=\"1fca85c4\" data-element_type=\"container\" data-e-type=\"container\" data-settings=\"{&quot;background_background&quot;:&quot;classic&quot;}\">\n\t\t\t\t<div class=\"elementor-element elementor-element-6c80e82 elementor-widget elementor-widget-image\" data-id=\"6c80e82\" data-element_type=\"widget\" data-e-type=\"widget\" data-widget_type=\"image.default\">\n\t\t\t\t<div class=\"elementor-widget-container\">\n\t\t\t\t\t\t\t\t\t\t\t\t\t\t\t<img fetchpriority=\"high\" decoding=\"async\" width=\"1792\" height=\"1024\" src=\"https:\/\/sustainablegreenevents.com\/wp-content\/uploads\/2025\/02\/Background.jpeg\" class=\"attachment-full size-full wp-image-19\" alt=\"\" srcset=\"https:\/\/sustainablegreenevents.com\/wp-content\/uploads\/2025\/02\/Background.jpeg 1792w, https:\/\/sustainablegreenevents.com\/wp-content\/uploads\/2025\/02\/Background-300x171.jpeg 300w, https:\/\/sustainablegreenevents.com\/wp-content\/uploads\/2025\/02\/Background-1024x585.jpeg 1024w, https:\/\/sustainablegreenevents.com\/wp-content\/uploads\/2025\/02\/Background-768x439.jpeg 768w, https:\/\/sustainablegreenevents.com\/wp-content\/uploads\/2025\/02\/Background-1536x878.jpeg 1536w, https:\/\/sustainablegreenevents.com\/wp-content\/uploads\/2025\/02\/Background-18x10.jpeg 18w\" sizes=\"(max-width: 1792px) 100vw, 1792px\" \/>\t\t\t\t\t\t\t\t\t\t\t\t\t\t\t<\/div>\n\t\t\t\t<\/div>\n\t\t\t\t<\/div>\n\t\t\t\t\t<\/div>\n\t\t\t\t<\/div>\n\t\t<div class=\"elementor-element elementor-element-4f8430b3 e-flex e-con-boxed e-con e-parent\" data-id=\"4f8430b3\" data-element_type=\"container\" data-e-type=\"container\">\n\t\t\t\t\t<div class=\"e-con-inner\">\n\t\t<div class=\"elementor-element elementor-element-66c691b4 e-con-full e-flex e-con e-child\" data-id=\"66c691b4\" data-element_type=\"container\" data-e-type=\"container\">\n\t\t<div class=\"elementor-element elementor-element-b626ffa e-con-full e-flex e-con e-child\" data-id=\"b626ffa\" data-element_type=\"container\" data-e-type=\"container\" data-settings=\"{&quot;background_background&quot;:&quot;classic&quot;}\">\n\t\t\t\t<div class=\"elementor-element elementor-element-e2f1fe4 elementor-widget elementor-widget-image\" data-id=\"e2f1fe4\" data-element_type=\"widget\" data-e-type=\"widget\" data-widget_type=\"image.default\">\n\t\t\t\t<div class=\"elementor-widget-container\">\n\t\t\t\t\t\t\t\t\t\t\t\t\t\t\t<img decoding=\"async\" width=\"560\" height=\"368\" src=\"https:\/\/sustainablegreenevents.com\/wp-content\/uploads\/2025\/03\/Diseno-sin-titulo.webp\" class=\"attachment-full size-full wp-image-121\" alt=\"\" srcset=\"https:\/\/sustainablegreenevents.com\/wp-content\/uploads\/2025\/03\/Diseno-sin-titulo.webp 560w, https:\/\/sustainablegreenevents.com\/wp-content\/uploads\/2025\/03\/Diseno-sin-titulo-300x197.webp 300w, https:\/\/sustainablegreenevents.com\/wp-content\/uploads\/2025\/03\/Diseno-sin-titulo-18x12.webp 18w\" sizes=\"(max-width: 560px) 100vw, 560px\" \/>\t\t\t\t\t\t\t\t\t\t\t\t\t\t\t<\/div>\n\t\t\t\t<\/div>\n\t\t\t\t<\/div>\n\t\t<div class=\"elementor-element elementor-element-591f9b37 e-con-full e-flex e-con e-child\" data-id=\"591f9b37\" data-element_type=\"container\" data-e-type=\"container\">\n\t\t\t\t<div class=\"elementor-element elementor-element-16fa52b6 elementor-widget elementor-widget-heading\" data-id=\"16fa52b6\" data-element_type=\"widget\" data-e-type=\"widget\" data-widget_type=\"heading.default\">\n\t\t\t\t<div class=\"elementor-widget-container\">\n\t\t\t\t\t<h2 class=\"elementor-heading-title elementor-size-default\">\"SUSTAINABLE GREEN EVENTS\" ECOLABEL<\/h2>\t\t\t\t<\/div>\n\t\t\t\t<\/div>\n\t\t\t\t<div class=\"elementor-element elementor-element-44dfc547 elementor-widget-divider--view-line elementor-widget elementor-widget-divider\" data-id=\"44dfc547\" data-element_type=\"widget\" data-e-type=\"widget\" data-widget_type=\"divider.default\">\n\t\t\t\t<div class=\"elementor-widget-container\">\n\t\t\t\t\t\t\t<div class=\"elementor-divider\">\n\t\t\t<span class=\"elementor-divider-separator\">\n\t\t\t\t\t\t<\/span>\n\t\t<\/div>\n\t\t\t\t\t\t<\/div>\n\t\t\t\t<\/div>\n\t\t\t\t<div class=\"elementor-element elementor-element-648c5f5d elementor-widget elementor-widget-text-editor\" data-id=\"648c5f5d\" data-element_type=\"widget\" data-e-type=\"widget\" data-widget_type=\"text-editor.default\">\n\t\t\t\t<div class=\"elementor-widget-container\">\n\t\t\t\t\t\t\t\t\t<p><span style=\"font-weight: 400;\">Our distinctive seal provides your event with official sustainability recognition, enhancing its reputation and attracting sponsors, clients, and attendees committed to sustainable development. <\/span><\/p><p><span style=\"font-weight: 400;\">The certification guarantees a low environmental impact and compliance with high sustainability standards, covering all aspects of the organization and the customer experience. <\/span><\/p><p><span style=\"font-weight: 400;\">We support organizers from the planning phase to ensure each event is more sustainable and leaves a positive legacy for the environment.\u00a0<\/span><span style=\"font-weight: 400;\"><br \/><\/span><\/p>\t\t\t\t\t\t\t\t<\/div>\n\t\t\t\t<\/div>\n\t\t\t\t<\/div>\n\t\t\t\t<\/div>\n\t\t<div class=\"elementor-element elementor-element-527f3161 e-con-full e-flex e-con e-child\" data-id=\"527f3161\" data-element_type=\"container\" data-e-type=\"container\">\n\t\t<div class=\"elementor-element elementor-element-3af31d1c e-con-full e-flex e-con e-child\" data-id=\"3af31d1c\" data-element_type=\"container\" data-e-type=\"container\" data-settings=\"{&quot;background_background&quot;:&quot;classic&quot;}\">\n\t\t\t\t<div class=\"elementor-element elementor-element-3c0da0c elementor-widget elementor-widget-image\" data-id=\"3c0da0c\" data-element_type=\"widget\" data-e-type=\"widget\" data-widget_type=\"image.default\">\n\t\t\t\t<div class=\"elementor-widget-container\">\n\t\t\t\t\t\t\t\t\t\t\t\t\t\t\t<img decoding=\"async\" width=\"2000\" height=\"1333\" src=\"https:\/\/sustainablegreenevents.com\/wp-content\/uploads\/2025\/03\/businesspeople-working-graph-with-various-natural-resources-icon-desk.jpg\" class=\"attachment-full size-full wp-image-311\" alt=\"\" srcset=\"https:\/\/sustainablegreenevents.com\/wp-content\/uploads\/2025\/03\/businesspeople-working-graph-with-various-natural-resources-icon-desk.jpg 2000w, https:\/\/sustainablegreenevents.com\/wp-content\/uploads\/2025\/03\/businesspeople-working-graph-with-various-natural-resources-icon-desk-300x200.jpg 300w, https:\/\/sustainablegreenevents.com\/wp-content\/uploads\/2025\/03\/businesspeople-working-graph-with-various-natural-resources-icon-desk-1024x682.jpg 1024w, https:\/\/sustainablegreenevents.com\/wp-content\/uploads\/2025\/03\/businesspeople-working-graph-with-various-natural-resources-icon-desk-768x512.jpg 768w, https:\/\/sustainablegreenevents.com\/wp-content\/uploads\/2025\/03\/businesspeople-working-graph-with-various-natural-resources-icon-desk-1536x1024.jpg 1536w, https:\/\/sustainablegreenevents.com\/wp-content\/uploads\/2025\/03\/businesspeople-working-graph-with-various-natural-resources-icon-desk-18x12.jpg 18w\" sizes=\"(max-width: 2000px) 100vw, 2000px\" \/>\t\t\t\t\t\t\t\t\t\t\t\t\t\t\t<\/div>\n\t\t\t\t<\/div>\n\t\t\t\t<\/div>\n\t\t<div class=\"elementor-element elementor-element-2793d952 e-con-full e-flex e-con e-child\" data-id=\"2793d952\" data-element_type=\"container\" data-e-type=\"container\">\n\t\t\t\t<div class=\"elementor-element elementor-element-70b46773 elementor-widget elementor-widget-heading\" data-id=\"70b46773\" data-element_type=\"widget\" data-e-type=\"widget\" data-widget_type=\"heading.default\">\n\t\t\t\t<div class=\"elementor-widget-container\">\n\t\t\t\t\t<h2 class=\"elementor-heading-title elementor-size-default\">STRATEGIC CONSULTING AND SUSTAINABLE MANAGEMENT<\/h2>\t\t\t\t<\/div>\n\t\t\t\t<\/div>\n\t\t\t\t<div class=\"elementor-element elementor-element-342d3419 elementor-widget-divider--view-line elementor-widget elementor-widget-divider\" data-id=\"342d3419\" data-element_type=\"widget\" data-e-type=\"widget\" data-widget_type=\"divider.default\">\n\t\t\t\t<div class=\"elementor-widget-container\">\n\t\t\t\t\t\t\t<div class=\"elementor-divider\">\n\t\t\t<span class=\"elementor-divider-separator\">\n\t\t\t\t\t\t<\/span>\n\t\t<\/div>\n\t\t\t\t\t\t<\/div>\n\t\t\t\t<\/div>\n\t\t\t\t<div class=\"elementor-element elementor-element-58ece96a elementor-widget elementor-widget-text-editor\" data-id=\"58ece96a\" data-element_type=\"widget\" data-e-type=\"widget\" data-widget_type=\"text-editor.default\">\n\t\t\t\t<div class=\"elementor-widget-container\">\n\t\t\t\t\t\t\t\t\t<p><span style=\"font-weight: 400;\">Specialized consulting in the planning, execution, and evaluation of events based on environmental, social, and economic sustainability criteria. Through a comprehensive approach, we assist in the implementation of responsible practices that minimize environmental impact, promote social inclusion, and generate economic value. <\/span><\/p><p><span style=\"font-weight: 400;\">The service includes the design of sustainability strategies and roadmaps aligned with international standards such as ISO 20121, as well as carbon footprint measurement and implementation of actions to reduce and offset it, waste management, and efficient resource use. <\/span><\/p><p><span style=\"font-weight: 400;\">All of this is aimed at optimizing operational efficiency and strengthening the event's reputation through a sustainability model.<\/span><\/p>\t\t\t\t\t\t\t\t<\/div>\n\t\t\t\t<\/div>\n\t\t\t\t<\/div>\n\t\t\t\t<\/div>\n\t\t<div class=\"elementor-element elementor-element-41f7c3b e-con-full e-flex e-con e-child\" data-id=\"41f7c3b\" data-element_type=\"container\" data-e-type=\"container\">\n\t\t<div class=\"elementor-element elementor-element-ac47fda e-con-full e-flex e-con e-child\" data-id=\"ac47fda\" data-element_type=\"container\" data-e-type=\"container\" data-settings=\"{&quot;background_background&quot;:&quot;classic&quot;}\">\n\t\t\t\t<div class=\"elementor-element elementor-element-34c1ffb elementor-widget elementor-widget-image\" data-id=\"34c1ffb\" data-element_type=\"widget\" data-e-type=\"widget\" data-widget_type=\"image.default\">\n\t\t\t\t<div class=\"elementor-widget-container\">\n\t\t\t\t\t\t\t\t\t\t\t\t\t\t\t<img loading=\"lazy\" decoding=\"async\" width=\"1600\" height=\"1040\" src=\"https:\/\/sustainablegreenevents.com\/wp-content\/uploads\/2025\/03\/Calculator-Foot-Print.png\" class=\"attachment-full size-full wp-image-79\" alt=\"\" srcset=\"https:\/\/sustainablegreenevents.com\/wp-content\/uploads\/2025\/03\/Calculator-Foot-Print.png 1600w, https:\/\/sustainablegreenevents.com\/wp-content\/uploads\/2025\/03\/Calculator-Foot-Print-300x195.png 300w, https:\/\/sustainablegreenevents.com\/wp-content\/uploads\/2025\/03\/Calculator-Foot-Print-1024x666.png 1024w, https:\/\/sustainablegreenevents.com\/wp-content\/uploads\/2025\/03\/Calculator-Foot-Print-768x499.png 768w, https:\/\/sustainablegreenevents.com\/wp-content\/uploads\/2025\/03\/Calculator-Foot-Print-1536x998.png 1536w, https:\/\/sustainablegreenevents.com\/wp-content\/uploads\/2025\/03\/Calculator-Foot-Print-18x12.png 18w\" sizes=\"(max-width: 1600px) 100vw, 1600px\" \/>\t\t\t\t\t\t\t\t\t\t\t\t\t\t\t<\/div>\n\t\t\t\t<\/div>\n\t\t\t\t<\/div>\n\t\t<div class=\"elementor-element elementor-element-c81f14a e-con-full e-flex e-con e-child\" data-id=\"c81f14a\" data-element_type=\"container\" data-e-type=\"container\">\n\t\t\t\t<div class=\"elementor-element elementor-element-156049d elementor-widget elementor-widget-heading\" data-id=\"156049d\" data-element_type=\"widget\" data-e-type=\"widget\" data-widget_type=\"heading.default\">\n\t\t\t\t<div class=\"elementor-widget-container\">\n\t\t\t\t\t<h2 class=\"elementor-heading-title elementor-size-default\">CARBON FOOTPRINT CALCULATION<\/h2>\t\t\t\t<\/div>\n\t\t\t\t<\/div>\n\t\t\t\t<div class=\"elementor-element elementor-element-87cf8eb elementor-widget-divider--view-line elementor-widget elementor-widget-divider\" data-id=\"87cf8eb\" data-element_type=\"widget\" data-e-type=\"widget\" data-widget_type=\"divider.default\">\n\t\t\t\t<div class=\"elementor-widget-container\">\n\t\t\t\t\t\t\t<div class=\"elementor-divider\">\n\t\t\t<span class=\"elementor-divider-separator\">\n\t\t\t\t\t\t<\/span>\n\t\t<\/div>\n\t\t\t\t\t\t<\/div>\n\t\t\t\t<\/div>\n\t\t\t\t<div class=\"elementor-element elementor-element-84efda2 elementor-widget elementor-widget-text-editor\" data-id=\"84efda2\" data-element_type=\"widget\" data-e-type=\"widget\" data-widget_type=\"text-editor.default\">\n\t\t\t\t<div class=\"elementor-widget-container\">\n\t\t\t\t\t\t\t\t\t<p><span style=\"font-weight: 400;\">The service provides a comprehensive assessment of the event's environmental impact, accurately quantifying all sources of emissions, including transportation, energy consumption, and waste management. <\/span><\/p><p><span style=\"font-weight: 400;\">This analysis helps identify key areas for improvement and implement effective actions to reduce and offset the carbon footprint, demonstrating a strong commitment to sustainability. <\/span><\/p>\t\t\t\t\t\t\t\t<\/div>\n\t\t\t\t<\/div>\n\t\t\t\t<\/div>\n\t\t\t\t<\/div>\n\t\t\t\t\t<\/div>\n\t\t\t\t<\/div>\n\t\t<div class=\"elementor-element elementor-element-3ace52f e-flex e-con-boxed e-con e-parent\" data-id=\"3ace52f\" data-element_type=\"container\" data-e-type=\"container\">\n\t\t\t\t\t<div class=\"e-con-inner\">\n\t\t\t\t<div class=\"elementor-element elementor-element-a8c803a elementor-widget-divider--view-line elementor-widget elementor-widget-divider\" data-id=\"a8c803a\" data-element_type=\"widget\" data-e-type=\"widget\" data-widget_type=\"divider.default\">\n\t\t\t\t<div class=\"elementor-widget-container\">\n\t\t\t\t\t\t\t<div class=\"elementor-divider\">\n\t\t\t<span class=\"elementor-divider-separator\">\n\t\t\t\t\t\t<\/span>\n\t\t<\/div>\n\t\t\t\t\t\t<\/div>\n\t\t\t\t<\/div>\n\t\t\t\t\t<\/div>\n\t\t\t\t<\/div>\n\t\t<div class=\"elementor-element elementor-element-7b71a7d2 e-con-full e-flex e-con e-parent\" data-id=\"7b71a7d2\" data-element_type=\"container\" data-e-type=\"container\" data-settings=\"{&quot;background_background&quot;:&quot;classic&quot;}\">\n\t\t\t\t<div class=\"elementor-element elementor-element-37779141 elementor-cta--layout-image-left elementor-cta--valign-middle elementor-cta--mobile-layout-image-below elementor-widget__width-initial elementor-widget-tablet__width-inherit elementor-cta--skin-classic elementor-animated-content elementor-bg-transform elementor-bg-transform-zoom-in elementor-widget elementor-widget-call-to-action\" data-id=\"37779141\" data-element_type=\"widget\" data-e-type=\"widget\" data-widget_type=\"call-to-action.default\">\n\t\t\t\t<div class=\"elementor-widget-container\">\n\t\t\t\t\t\t\t<div class=\"elementor-cta\">\n\t\t\t\t\t\t\t<div class=\"elementor-cta__content\">\n\t\t\t\t\n\t\t\t\t\t\t\t\t\t<h2 class=\"elementor-cta__title elementor-cta__content-item elementor-content-item\">\n\t\t\t\t\t\tTransform your event with positive impact\t\t\t\t\t<\/h2>\n\t\t\t\t\n\t\t\t\t\t\t\t\t\t<div class=\"elementor-cta__description elementor-cta__content-item elementor-content-item\">\n\t\t\t\t\t\tContact us and make your event sustainable\t\t\t\t\t<\/div>\n\t\t\t\t\n\t\t\t\t\t\t\t\t\t<div class=\"elementor-cta__button-wrapper elementor-cta__content-item elementor-content-item\">\n\t\t\t\t\t<a class=\"elementor-cta__button elementor-button elementor-size-md\" href=\"https:\/\/sustainablegreenevents.com\/en\/contact-us\/\">\n\t\t\t\t\t\tContact Us\t\t\t\t\t<\/a>\n\t\t\t\t\t<\/div>\n\t\t\t\t\t\t\t<\/div>\n\t\t\t\t\t\t<\/div>\n\t\t\t\t\t\t<\/div>\n\t\t\t\t<\/div>\n\t\t\t\t<\/div>\n\t\t\t\t<\/div>","protected":false},"excerpt":{"rendered":"<p>Nuestros Servicios ECOETIQUETA \"SUSTAINABLE GREEN EVENTS\" Nuestro sello distintivo proporciona a su evento un reconocimiento oficial de sostenibilidad, mejorando su reputaci\u00f3n y atrayendo a patrocinadores, clientes y asistentes comprometidos con el desarrollo sostenible. La certificaci\u00f3n garantiza un bajo impacto ambiental y el cumplimiento de altos est\u00e1ndares de sostenibilidad, abarcando todos los aspectos de la organizaci\u00f3n [&hellip;]<\/p>","protected":false},"author":1,"featured_media":0,"parent":0,"menu_order":0,"comment_status":"closed","ping_status":"closed","template":"elementor_header_footer","meta":{"footnotes":""},"class_list":["post-150","page","type-page","status-publish","hentry"],"_links":{"self":[{"href":"https:\/\/sustainablegreenevents.com\/en\/wp-json\/wp\/v2\/pages\/150","targetHints":{"allow":["GET"]}}],"collection":[{"href":"https:\/\/sustainablegreenevents.com\/en\/wp-json\/wp\/v2\/pages"}],"about":[{"href":"https:\/\/sustainablegreenevents.com\/en\/wp-json\/wp\/v2\/types\/page"}],"author":[{"embeddable":true,"href":"https:\/\/sustainablegreenevents.com\/en\/wp-json\/wp\/v2\/users\/1"}],"replies":[{"embeddable":true,"href":"https:\/\/sustainablegreenevents.com\/en\/wp-json\/wp\/v2\/comments?post=150"}],"version-history":[{"count":5,"href":"https:\/\/sustainablegreenevents.com\/en\/wp-json\/wp\/v2\/pages\/150\/revisions"}],"predecessor-version":[{"id":424,"href":"https:\/\/sustainablegreenevents.com\/en\/wp-json\/wp\/v2\/pages\/150\/revisions\/424"}],"wp:attachment":[{"href":"https:\/\/sustainablegreenevents.com\/en\/wp-json\/wp\/v2\/media?parent=150"}],"curies":[{"name":"wp","href":"https:\/\/api.w.org\/{rel}","templated":true}]}}